{"id":175,"date":"2023-02-23T15:54:55","date_gmt":"2023-02-23T12:54:55","guid":{"rendered":"http:\/\/baransan.com.tr\/?page_id=175"},"modified":"2023-02-27T16:55:19","modified_gmt":"2023-02-27T13:55:19","slug":"mesmerize","status":"publish","type":"page","link":"https:\/\/baransan.com.tr\/","title":{"rendered":"Front Page"},"content":{"rendered":"<div  data-label=\"Features\" data-id=\"features--1\" data-export-id=\"features-13-card-bordered\" data-category=\"features\" class=\"features-13 content-section content-section-spacing\" id=\"features-1\" style=\"background-color: rgb(255, 255, 255);\"><div  class=\"gridContainer\"> <div  class=\"row text-center\"><div  class=\"section-title-col\" data-type=\"column\"> <h2  class=\"\">\u00dcretim Alanlar\u0131m\u0131z<\/h2> <\/div> <\/div> <div  class=\"row spaced-cols content-center-sm\" data-type=\"row\"> <div  class=\"col-sm-4\"> <div  class=\"card bordered y-move\" data-type=\"column\">    <a data-cp-link=\"1\" href=\"http:\/\/baransan.com.tr?page_id=335\" class=\"\" target=\"_self\" rel=\"noopener\"><img  decoding=\"async\" class=\"custom-image\" src=\"http:\/\/baransan.com.tr\/wp-content\/uploads\/2023\/02\/kaliphane.png\" title=\"\" alt=\"\"><\/a><\/div> <\/div> <div  class=\"col-sm-4\"> <div  class=\"card bordered y-move\" data-type=\"column\"><a data-cp-link=\"1\" href=\"http:\/\/baransan.com.tr?page_id=318\" class=\"\" target=\"_self\" rel=\"noopener\"><img  decoding=\"async\" class=\"custom-image\" src=\"http:\/\/baransan.com.tr\/wp-content\/uploads\/2023\/02\/cncmekanik.png\" title=\"\" alt=\"\"><\/a>    <\/div> <\/div> <div  class=\"col-sm-4\"> <div  class=\"card bordered y-move\" data-type=\"column\"><a data-cp-link=\"1\" href=\"http:\/\/baransan.com.tr?page_id=323\" class=\"\" target=\"_self\" rel=\"noopener\"><img  decoding=\"async\" class=\"custom-image\" src=\"http:\/\/baransan.com.tr\/wp-content\/uploads\/2023\/02\/ekosalhat.png\" title=\"\" alt=\"\"><\/a>    <\/div> <\/div><div  class=\"col-sm-4\"> <div  class=\"card bordered y-move\" data-type=\"column\">    <a data-cp-link=\"1\" href=\"http:\/\/baransan.com.tr?page_id=312\" class=\"\" target=\"_self\" rel=\"noopener\"><img  decoding=\"async\" class=\"custom-image\" src=\"http:\/\/baransan.com.tr\/wp-content\/uploads\/2023\/02\/ekstsruzyon.png\" title=\"\" alt=\"\"><\/a><\/div> <\/div><div  class=\"col-sm-4\"> <div  class=\"card bordered y-move\" data-type=\"column\">    <a data-cp-link=\"1\" href=\"http:\/\/baransan.com.tr?page_id=343\" class=\"\" target=\"_self\" rel=\"noopener\"><img  decoding=\"async\" class=\"custom-image\" src=\"http:\/\/baransan.com.tr\/wp-content\/uploads\/2023\/02\/geridonusum.png\" title=\"\" alt=\"\"><\/a><\/div> <\/div><div  class=\"col-sm-4\"> <div  class=\"card bordered y-move\" data-type=\"column\">    <a data-cp-link=\"1\" href=\"http:\/\/baransan.com.tr?page_id=328\" class=\"\" target=\"_self\" rel=\"noopener\"><img  decoding=\"async\" class=\"custom-image\" src=\"http:\/\/baransan.com.tr\/wp-content\/uploads\/2023\/02\/tozboya.png\" title=\"\" alt=\"\"><\/a><\/div> <\/div><\/div> <\/div><\/div><div  data-label=\"Latest-news\" data-id=\"latest_news--1\" data-export-id=\"blog-section-mc\" data-category=\"latest_news\" class=\"blog-section-mc blog-section-standard content-section content-section-spacing\" id=\"latest_news-1\" style=\"background-color: rgb(245, 250, 253);\"><div  class=\"gridContainer\"> <div  class=\"row\"><div  data-type=\"column\" class=\"section-title-col\">  <h2  class=\"\">Bizden Haberler<\/h2> <\/div> <\/div> <div  class=\"row\"> <div  data-type=\"row\" data-dynamic-columns=\"handled\" data-content-shortcode=\"mesmerize_latest_news posts=&quot;3&quot; columns=&quot;3&quot; \">\t\t<div class=\"row center-sm content-left-sm\">\n\t\t\t\t\t<div id=\"post-293\" class=\"col-sm-6 col-md-3 space-bottom space-bottom-xs\">\n\t\t\t\t<div class=\"post-content card y-move bordered\">\n\t\t\t\t\t<div class=\"post-thumbnail\">\n   <a href=\"https:\/\/baransan.com.tr\/?p=293\" class=\"post-list-item-thumb \">\n      <img width=\"500\" height=\"401\" src=\"https:\/\/baransan.com.tr\/wp-content\/uploads\/2023\/02\/8eea49b9a077173b06d211e328faad6a12e33756.00000138.jpg\" class=\"attachment-post-thumbnail size-post-thumbnail wp-post-image\" alt=\"\" decoding=\"async\" loading=\"lazy\" srcset=\"https:\/\/baransan.com.tr\/wp-content\/uploads\/2023\/02\/8eea49b9a077173b06d211e328faad6a12e33756.00000138.jpg 500w, https:\/\/baransan.com.tr\/wp-content\/uploads\/2023\/02\/8eea49b9a077173b06d211e328faad6a12e33756.00000138-300x241.jpg 300w\" sizes=\"(max-width: 500px) 100vw, 500px\" \/>   <\/a>\n<\/div>\n\t\t\t\t\t<div class=\"col-padding col-padding-xs\">\n\t\t\t\t\t\t<h3 class=\"post-title space-bottom-small\">\n\t\t\t\t\t\t\t<a href=\"https:\/\/baransan.com.tr\/?p=293\" rel=\"bookmark\">\n\t\t\t\t\t\t\t\tEloksal hatt\u0131m\u0131z \u00fcretime ge\u00e7ti\t\t\t\t\t\t\t<\/a>\n\t\t\t\t\t\t<\/h3>\n\t\t\t\t\t\t<p>Ger\u00e7ekle\u015ftirdi\u011fimiz 1 Milyon dolarl\u0131k yat\u0131r\u0131m ile b\u00fcy\u00fcmeye devam etmekteyiz.\u00a012 Havuzdan olu\u015fan eloksal hatt\u0131m\u0131z\u0131n kurulumu tamamland\u0131. Ayl\u0131k 500 ton ekapasitesi olan hatt\u0131m\u0131za ilerki d\u00f6nmelerde kapasite artt\u0131r\u0131m\u0131na ge\u00e7ilmeside planlar\u0131m\u0131z aras\u0131nda.<\/p>\n\t\t\t\t\t\t<a class=\"read-more link\" href=\"https:\/\/baransan.com.tr\/?p=293\">\n\t\t\t\t\t\t\tRead more\t\t\t\t\t\t<\/a>\n\t\t\t\t\t<\/div>\n\t\t\t\t<\/div>\n\t\t\t<\/div>\n\t\t\t\t\t\t<div id=\"post-289\" class=\"col-sm-6 col-md-3 space-bottom space-bottom-xs\">\n\t\t\t\t<div class=\"post-content card y-move bordered\">\n\t\t\t\t\t<div class=\"post-thumbnail\">\n   <a href=\"https:\/\/baransan.com.tr\/?p=289\" class=\"post-list-item-thumb \">\n      <img width=\"500\" height=\"450\" src=\"https:\/\/baransan.com.tr\/wp-content\/uploads\/2023\/02\/bb7e746f019d23916b092f4bf0037204abe39f93.00000142.jpg\" class=\"attachment-post-thumbnail size-post-thumbnail wp-post-image\" alt=\"\" decoding=\"async\" loading=\"lazy\" srcset=\"https:\/\/baransan.com.tr\/wp-content\/uploads\/2023\/02\/bb7e746f019d23916b092f4bf0037204abe39f93.00000142.jpg 500w, https:\/\/baransan.com.tr\/wp-content\/uploads\/2023\/02\/bb7e746f019d23916b092f4bf0037204abe39f93.00000142-300x270.jpg 300w\" sizes=\"(max-width: 500px) 100vw, 500px\" \/>   <\/a>\n<\/div>\n\t\t\t\t\t<div class=\"col-padding col-padding-xs\">\n\t\t\t\t\t\t<h3 class=\"post-title space-bottom-small\">\n\t\t\t\t\t\t\t<a href=\"https:\/\/baransan.com.tr\/?p=289\" rel=\"bookmark\">\n\t\t\t\t\t\t\t\tMB Makina AR-GE destek\t\t\t\t\t\t\t<\/a>\n\t\t\t\t\t\t<\/h3>\n\t\t\t\t\t\t<p>MB Makina AR-GE destek departman\u0131m\u0131z istanbul avrupa yakas\u0131nda hizmete ba\u015flad\u0131<\/p>\n\t\t\t\t\t\t<a class=\"read-more link\" href=\"https:\/\/baransan.com.tr\/?p=289\">\n\t\t\t\t\t\t\tRead more\t\t\t\t\t\t<\/a>\n\t\t\t\t\t<\/div>\n\t\t\t\t<\/div>\n\t\t\t<\/div>\n\t\t\t\t\t\t<div id=\"post-287\" class=\"col-sm-6 col-md-3 space-bottom space-bottom-xs\">\n\t\t\t\t<div class=\"post-content card y-move bordered\">\n\t\t\t\t\t<div class=\"post-thumbnail\">\n   <a href=\"https:\/\/baransan.com.tr\/?p=287\" class=\"post-list-item-thumb \">\n      <img width=\"500\" height=\"450\" src=\"https:\/\/baransan.com.tr\/wp-content\/uploads\/2023\/02\/d7cc43d8ef84b127a53f72b5734742202b3ae52e.00000136.jpg\" class=\"attachment-post-thumbnail size-post-thumbnail wp-post-image\" alt=\"\" decoding=\"async\" loading=\"lazy\" srcset=\"https:\/\/baransan.com.tr\/wp-content\/uploads\/2023\/02\/d7cc43d8ef84b127a53f72b5734742202b3ae52e.00000136.jpg 500w, https:\/\/baransan.com.tr\/wp-content\/uploads\/2023\/02\/d7cc43d8ef84b127a53f72b5734742202b3ae52e.00000136-300x270.jpg 300w\" sizes=\"(max-width: 500px) 100vw, 500px\" \/>   <\/a>\n<\/div>\n\t\t\t\t\t<div class=\"col-padding col-padding-xs\">\n\t\t\t\t\t\t<h3 class=\"post-title space-bottom-small\">\n\t\t\t\t\t\t\t<a href=\"https:\/\/baransan.com.tr\/?p=287\" rel=\"bookmark\">\n\t\t\t\t\t\t\t\tEkstr\u00fczyon\t\t\t\t\t\t\t<\/a>\n\t\t\t\t\t\t<\/h3>\n\t\t\t\t\t\t<p>3. Ekstr\u00fczyon hatt\u0131m\u0131z\u0131n kurulumu ile \u00fcretim kapasitemizi geni\u015flettik<\/p>\n\t\t\t\t\t\t<a class=\"read-more link\" href=\"https:\/\/baransan.com.tr\/?p=287\">\n\t\t\t\t\t\t\tRead more\t\t\t\t\t\t<\/a>\n\t\t\t\t\t<\/div>\n\t\t\t\t<\/div>\n\t\t\t<\/div>\n\t\t\t\t<\/div>\n\t<\/div><\/div> <div  class=\"row\"><div  class=\"text-center\"> <a  class=\"button color1\" data-attr-shortcode=\"href:mesmerize_blog_link\" href=\"https:\/\/baransan.com.tr\/?page_id=33\">T\u00fcm Haberler<\/a><\/div> <\/div><\/div><\/div><div  data-label=\"Content\" data-id=\"content--1\" data-export-id=\"content-8-mc\" data-category=\"content\" class=\"content-8-mc content-section content-section-spacing\" id=\"content-1\" style=\"background-color: rgb(255, 255, 255);\"><div  class=\"gridContainer\"> <div  class=\"row middle-sm\"><div  class=\"col-sm-6 space-bottom-xs space-top-xs\" data-type=\"column\"> <img  decoding=\"async\" class=\"shadow-large\" src=\"http:\/\/baransan.com.tr\/wp-content\/uploads\/2023\/02\/2d0fe8daac45edebd1167c90a17fca7e35e2f247.00000064.jpg\" title=\"\" alt=\"\"><\/div> <div  class=\"col-sm-6\" data-type=\"column\"><h2  class=\"\">Ba\u015fkan Mesaj\u0131<\/h2> <p  class=\"\">Baransan\u2019\u0131 anlamak baz\u0131 de\u011ferlerin b\u00fct\u00fcn\u00fcn\u00fc kavramaktan ge\u00e7er. 30 m2\u2019lik  k\u00fc\u00e7\u00fck bir yerden, 14.000 m2 alan \u00fczerine kurulu, 5.000\u2019e yak\u0131n kal\u0131p \u00e7e\u015fidiyle al\u00fcminyumun kullan\u0131ld\u0131\u011f\u0131 hemen hemen her sekt\u00f6re hitap eden entegre bir al\u00fcminyum profil firmas\u0131na d\u00f6n\u00fc\u015fen. Baransan, b\u00fcy\u00fck bir de\u011fi\u015fim ya\u015farken, belli  de\u011ferlerimiz asla de\u011fi\u015fmemi\u015ftir. Baransan i\u00e7in de\u011fi\u015fmeyen bir di\u011fer \u00f6zellik de \u201cal\u00fcminyum \u00fcreticisi\u201d oldu\u011fu ger\u00e7e\u011fidir. Al\u00fcminyum d\u0131\u015f\u0131ndaki yap\u0131lanmalar\u0131m\u0131z, Murat Baran koordinat\u00f6rl\u00fc\u011f\u00fcnde olu\u015fturulan ve y\u00f6netilen MB Makina gibi yine bu ana i\u015fimizi destekler nitelikte olmu\u015ftur ve b\u00f6yle olmay\u0131 da s\u00fcrd\u00fcrecektir.\n<br ><br ><br >Mirseddin BARAN<br ><br >Y\u00f6netim Kurulu Ba\u015fkan\u0131<\/p> <\/div> <\/div><\/div> <\/div>","protected":false},"excerpt":{"rendered":"<p>\u00dcretim Alanlar\u0131m\u0131z Bizden Haberler T\u00fcm Haberler Ba\u015fkan Mesaj\u0131 Baransan\u2019\u0131 anlamak baz\u0131 de\u011ferlerin b\u00fct\u00fcn\u00fcn\u00fc kavramaktan ge\u00e7er. 30 m2\u2019lik k\u00fc\u00e7\u00fck bir yerden, 14.000 m2 alan \u00fczerine kurulu, 5.000\u2019e yak\u0131n kal\u0131p \u00e7e\u015fidiyle al\u00fcminyumun kullan\u0131ld\u0131\u011f\u0131 hemen hemen her sekt\u00f6re hitap eden entegre bir al\u00fcminyum profil firmas\u0131na d\u00f6n\u00fc\u015fen. Baransan, b\u00fcy\u00fck bir de\u011fi\u015fim ya\u015farken, belli de\u011ferlerimiz asla de\u011fi\u015fmemi\u015ftir. Baransan i\u00e7in de\u011fi\u015fmeyen&hellip; <br \/> <a class=\"read-more\" href=\"https:\/\/baransan.com.tr\/?p=287\">Devam\u0131<\/a><\/p>\n","protected":false},"author":1,"featured_media":0,"parent":0,"menu_order":0,"comment_status":"closed","ping_status":"closed","template":"page-templates\/homepage.php","meta":[],"_links":{"self":[{"href":"https:\/\/baransan.com.tr\/index.php?rest_route=\/wp\/v2\/pages\/175"}],"collection":[{"href":"https:\/\/baransan.com.tr\/index.php?rest_route=\/wp\/v2\/pages"}],"about":[{"href":"https:\/\/baransan.com.tr\/index.php?rest_route=\/wp\/v2\/types\/page"}],"author":[{"embeddable":true,"href":"https:\/\/baransan.com.tr\/index.php?rest_route=\/wp\/v2\/users\/1"}],"replies":[{"embeddable":true,"href":"https:\/\/baransan.com.tr\/index.php?rest_route=%2Fwp%2Fv2%2Fcomments&post=175"}],"version-history":[{"count":24,"href":"https:\/\/baransan.com.tr\/index.php?rest_route=\/wp\/v2\/pages\/175\/revisions"}],"predecessor-version":[{"id":347,"href":"https:\/\/baransan.com.tr\/index.php?rest_route=\/wp\/v2\/pages\/175\/revisions\/347"}],"wp:attachment":[{"href":"https:\/\/baransan.com.tr\/index.php?rest_route=%2Fwp%2Fv2%2Fmedia&parent=175"}],"curies":[{"name":"wp","href":"https:\/\/api.w.org\/{rel}","templated":true}]}}