{"id":312,"date":"2023-02-24T17:05:06","date_gmt":"2023-02-24T14:05:06","guid":{"rendered":"http:\/\/baransan.com.tr\/?page_id=312"},"modified":"2023-02-24T17:05:06","modified_gmt":"2023-02-24T14:05:06","slug":"ekstruzyon","status":"publish","type":"page","link":"https:\/\/baransan.com.tr\/?page_id=312","title":{"rendered":"Ekstr\u00fczyon"},"content":{"rendered":"\n<figure class=\"wp-block-image size-full\"><img decoding=\"async\" loading=\"lazy\" width=\"1000\" height=\"662\" src=\"http:\/\/baransan.com.tr\/wp-content\/uploads\/2023\/02\/16.png\" alt=\"\" class=\"wp-image-313\" srcset=\"https:\/\/baransan.com.tr\/wp-content\/uploads\/2023\/02\/16.png 1000w, https:\/\/baransan.com.tr\/wp-content\/uploads\/2023\/02\/16-300x199.png 300w, https:\/\/baransan.com.tr\/wp-content\/uploads\/2023\/02\/16-768x508.png 768w\" sizes=\"(max-width: 1000px) 100vw, 1000px\" \/><\/figure>\n\n\n\n<p>2 adet ekstr\u00fczyon pres hatt\u0131m\u0131z, tam otomatik billet \u0131s\u0131tma ve kesme sistemi ile y\u0131ll\u0131k 20 bin ton \u00fcretim kapasitene sahip.<\/p>\n","protected":false},"excerpt":{"rendered":"<p>2 adet ekstr\u00fczyon pres hatt\u0131m\u0131z, tam otomatik billet \u0131s\u0131tma ve kesme sistemi ile y\u0131ll\u0131k 20 bin ton \u00fcretim kapasitene sahip.<\/p>\n","protected":false},"author":1,"featured_media":0,"parent":0,"menu_order":0,"comment_status":"closed","ping_status":"closed","template":"","meta":[],"_links":{"self":[{"href":"https:\/\/baransan.com.tr\/index.php?rest_route=\/wp\/v2\/pages\/312"}],"collection":[{"href":"https:\/\/baransan.com.tr\/index.php?rest_route=\/wp\/v2\/pages"}],"about":[{"href":"https:\/\/baransan.com.tr\/index.php?rest_route=\/wp\/v2\/types\/page"}],"author":[{"embeddable":true,"href":"https:\/\/baransan.com.tr\/index.php?rest_route=\/wp\/v2\/users\/1"}],"replies":[{"embeddable":true,"href":"https:\/\/baransan.com.tr\/index.php?rest_route=%2Fwp%2Fv2%2Fcomments&post=312"}],"version-history":[{"count":1,"href":"https:\/\/baransan.com.tr\/index.php?rest_route=\/wp\/v2\/pages\/312\/revisions"}],"predecessor-version":[{"id":314,"href":"https:\/\/baransan.com.tr\/index.php?rest_route=\/wp\/v2\/pages\/312\/revisions\/314"}],"wp:attachment":[{"href":"https:\/\/baransan.com.tr\/index.php?rest_route=%2Fwp%2Fv2%2Fmedia&parent=312"}],"curies":[{"name":"wp","href":"https:\/\/api.w.org\/{rel}","templated":true}]}}