{"id":318,"date":"2023-02-24T17:15:22","date_gmt":"2023-02-24T14:15:22","guid":{"rendered":"http:\/\/baransan.com.tr\/?page_id=318"},"modified":"2023-02-24T17:15:22","modified_gmt":"2023-02-24T14:15:22","slug":"cnc-mekanik-islem","status":"publish","type":"page","link":"https:\/\/baransan.com.tr\/?page_id=318","title":{"rendered":"CNC Mekanik \u0130\u015flem"},"content":{"rendered":"\n<figure class=\"wp-block-image size-full\"><img decoding=\"async\" loading=\"lazy\" width=\"1000\" height=\"662\" src=\"http:\/\/baransan.com.tr\/wp-content\/uploads\/2023\/02\/20.png\" alt=\"\" class=\"wp-image-319\" srcset=\"https:\/\/baransan.com.tr\/wp-content\/uploads\/2023\/02\/20.png 1000w, https:\/\/baransan.com.tr\/wp-content\/uploads\/2023\/02\/20-300x199.png 300w, https:\/\/baransan.com.tr\/wp-content\/uploads\/2023\/02\/20-768x508.png 768w\" sizes=\"(max-width: 1000px) 100vw, 1000px\" \/><\/figure>\n\n\n\n<p>4 eksenli al\u00fcmimyum profil i\u015fleme cnc parkurumuzda her t\u00fcrl\u00fc cnc mekanik i\u015flem yap\u0131labilmektedir. Ayr\u0131ca 3 eksenli \u00f6zel profil kesim hatt\u0131m\u0131zda da \u00e7e\u015fitli kesimler yap\u0131labilmektedir.<\/p>\n","protected":false},"excerpt":{"rendered":"<p>4 eksenli al\u00fcmimyum profil i\u015fleme cnc parkurumuzda her t\u00fcrl\u00fc cnc mekanik i\u015flem yap\u0131labilmektedir. Ayr\u0131ca 3 eksenli \u00f6zel profil kesim hatt\u0131m\u0131zda da \u00e7e\u015fitli kesimler yap\u0131labilmektedir.<\/p>\n","protected":false},"author":1,"featured_media":0,"parent":0,"menu_order":0,"comment_status":"closed","ping_status":"closed","template":"","meta":[],"_links":{"self":[{"href":"https:\/\/baransan.com.tr\/index.php?rest_route=\/wp\/v2\/pages\/318"}],"collection":[{"href":"https:\/\/baransan.com.tr\/index.php?rest_route=\/wp\/v2\/pages"}],"about":[{"href":"https:\/\/baransan.com.tr\/index.php?rest_route=\/wp\/v2\/types\/page"}],"author":[{"embeddable":true,"href":"https:\/\/baransan.com.tr\/index.php?rest_route=\/wp\/v2\/users\/1"}],"replies":[{"embeddable":true,"href":"https:\/\/baransan.com.tr\/index.php?rest_route=%2Fwp%2Fv2%2Fcomments&post=318"}],"version-history":[{"count":1,"href":"https:\/\/baransan.com.tr\/index.php?rest_route=\/wp\/v2\/pages\/318\/revisions"}],"predecessor-version":[{"id":320,"href":"https:\/\/baransan.com.tr\/index.php?rest_route=\/wp\/v2\/pages\/318\/revisions\/320"}],"wp:attachment":[{"href":"https:\/\/baransan.com.tr\/index.php?rest_route=%2Fwp%2Fv2%2Fmedia&parent=318"}],"curies":[{"name":"wp","href":"https:\/\/api.w.org\/{rel}","templated":true}]}}