{"id":328,"date":"2023-02-24T17:38:21","date_gmt":"2023-02-24T14:38:21","guid":{"rendered":"http:\/\/baransan.com.tr\/?page_id=328"},"modified":"2023-02-24T17:38:21","modified_gmt":"2023-02-24T14:38:21","slug":"statik-toz-boyama-hatti","status":"publish","type":"page","link":"https:\/\/baransan.com.tr\/?page_id=328","title":{"rendered":"Statik Toz Boyama Hatt\u0131"},"content":{"rendered":"\n<figure class=\"wp-block-image size-full\"><img decoding=\"async\" loading=\"lazy\" width=\"1000\" height=\"662\" src=\"http:\/\/baransan.com.tr\/wp-content\/uploads\/2023\/02\/18.png\" alt=\"\" class=\"wp-image-329\" srcset=\"https:\/\/baransan.com.tr\/wp-content\/uploads\/2023\/02\/18.png 1000w, https:\/\/baransan.com.tr\/wp-content\/uploads\/2023\/02\/18-300x199.png 300w, https:\/\/baransan.com.tr\/wp-content\/uploads\/2023\/02\/18-768x508.png 768w\" sizes=\"(max-width: 1000px) 100vw, 1000px\" \/><\/figure>\n\n\n\n<p>Tam otoamatik statik toz boyama hatt\u0131m\u0131zda \u00e7e\u015fitli renklerde \u00fcretim yap\u0131labilmektedir.<\/p>\n","protected":false},"excerpt":{"rendered":"<p>Tam otoamatik statik toz boyama hatt\u0131m\u0131zda \u00e7e\u015fitli renklerde \u00fcretim yap\u0131labilmektedir.<\/p>\n","protected":false},"author":1,"featured_media":0,"parent":0,"menu_order":0,"comment_status":"closed","ping_status":"closed","template":"","meta":[],"_links":{"self":[{"href":"https:\/\/baransan.com.tr\/index.php?rest_route=\/wp\/v2\/pages\/328"}],"collection":[{"href":"https:\/\/baransan.com.tr\/index.php?rest_route=\/wp\/v2\/pages"}],"about":[{"href":"https:\/\/baransan.com.tr\/index.php?rest_route=\/wp\/v2\/types\/page"}],"author":[{"embeddable":true,"href":"https:\/\/baransan.com.tr\/index.php?rest_route=\/wp\/v2\/users\/1"}],"replies":[{"embeddable":true,"href":"https:\/\/baransan.com.tr\/index.php?rest_route=%2Fwp%2Fv2%2Fcomments&post=328"}],"version-history":[{"count":1,"href":"https:\/\/baransan.com.tr\/index.php?rest_route=\/wp\/v2\/pages\/328\/revisions"}],"predecessor-version":[{"id":330,"href":"https:\/\/baransan.com.tr\/index.php?rest_route=\/wp\/v2\/pages\/328\/revisions\/330"}],"wp:attachment":[{"href":"https:\/\/baransan.com.tr\/index.php?rest_route=%2Fwp%2Fv2%2Fmedia&parent=328"}],"curies":[{"name":"wp","href":"https:\/\/api.w.org\/{rel}","templated":true}]}}