{"id":343,"date":"2023-02-24T17:46:56","date_gmt":"2023-02-24T14:46:56","guid":{"rendered":"http:\/\/baransan.com.tr\/?page_id=343"},"modified":"2023-02-24T17:46:56","modified_gmt":"2023-02-24T14:46:56","slug":"geri-donusum-ergitme","status":"publish","type":"page","link":"https:\/\/baransan.com.tr\/?page_id=343","title":{"rendered":"Geri D\u00f6n\u00fc\u015f\u00fcm Ergitme"},"content":{"rendered":"\n<figure class=\"wp-block-image size-full\"><img decoding=\"async\" loading=\"lazy\" width=\"1000\" height=\"662\" src=\"http:\/\/baransan.com.tr\/wp-content\/uploads\/2023\/02\/21.png\" alt=\"\" class=\"wp-image-344\" srcset=\"https:\/\/baransan.com.tr\/wp-content\/uploads\/2023\/02\/21.png 1000w, https:\/\/baransan.com.tr\/wp-content\/uploads\/2023\/02\/21-300x199.png 300w, https:\/\/baransan.com.tr\/wp-content\/uploads\/2023\/02\/21-768x508.png 768w\" sizes=\"(max-width: 1000px) 100vw, 1000px\" \/><\/figure>\n\n\n\n<p>20 ton devirmeli sistem billet d\u00f6k\u00fcm hatt\u0131m\u0131zda ayl\u0131k 500 ton \u00fcretim yap\u0131labilmektedir.<\/p>\n","protected":false},"excerpt":{"rendered":"<p>20 ton devirmeli sistem billet d\u00f6k\u00fcm hatt\u0131m\u0131zda ayl\u0131k 500 ton \u00fcretim yap\u0131labilmektedir.<\/p>\n","protected":false},"author":1,"featured_media":0,"parent":0,"menu_order":0,"comment_status":"closed","ping_status":"closed","template":"","meta":[],"_links":{"self":[{"href":"https:\/\/baransan.com.tr\/index.php?rest_route=\/wp\/v2\/pages\/343"}],"collection":[{"href":"https:\/\/baransan.com.tr\/index.php?rest_route=\/wp\/v2\/pages"}],"about":[{"href":"https:\/\/baransan.com.tr\/index.php?rest_route=\/wp\/v2\/types\/page"}],"author":[{"embeddable":true,"href":"https:\/\/baransan.com.tr\/index.php?rest_route=\/wp\/v2\/users\/1"}],"replies":[{"embeddable":true,"href":"https:\/\/baransan.com.tr\/index.php?rest_route=%2Fwp%2Fv2%2Fcomments&post=343"}],"version-history":[{"count":1,"href":"https:\/\/baransan.com.tr\/index.php?rest_route=\/wp\/v2\/pages\/343\/revisions"}],"predecessor-version":[{"id":345,"href":"https:\/\/baransan.com.tr\/index.php?rest_route=\/wp\/v2\/pages\/343\/revisions\/345"}],"wp:attachment":[{"href":"https:\/\/baransan.com.tr\/index.php?rest_route=%2Fwp%2Fv2%2Fmedia&parent=343"}],"curies":[{"name":"wp","href":"https:\/\/api.w.org\/{rel}","templated":true}]}}