{"id":348,"date":"2023-02-24T17:49:45","date_gmt":"2023-02-24T14:49:45","guid":{"rendered":"http:\/\/baransan.com.tr\/?page_id=348"},"modified":"2023-02-24T17:49:45","modified_gmt":"2023-02-24T14:49:45","slug":"mb-makina","status":"publish","type":"page","link":"https:\/\/baransan.com.tr\/?page_id=348","title":{"rendered":"MB Makina"},"content":{"rendered":"\n<figure class=\"wp-block-image size-full\"><img decoding=\"async\" loading=\"lazy\" width=\"1000\" height=\"662\" src=\"http:\/\/baransan.com.tr\/wp-content\/uploads\/2023\/02\/22.png\" alt=\"\" class=\"wp-image-349\" srcset=\"https:\/\/baransan.com.tr\/wp-content\/uploads\/2023\/02\/22.png 1000w, https:\/\/baransan.com.tr\/wp-content\/uploads\/2023\/02\/22-300x199.png 300w, https:\/\/baransan.com.tr\/wp-content\/uploads\/2023\/02\/22-768x508.png 768w\" sizes=\"(max-width: 1000px) 100vw, 1000px\" \/><\/figure>\n\n\n\n<p>Kendi kurulu\u015fumuz olan AR-GE yap\u0131s\u0131ndaki MB Makina, Murat Baran koordinat\u00f6rl\u00fc\u011f\u00fcnde kurulup y\u00f6netilmektedir. Konvey\u00f6r , lineer hareket, sigma profil ve Haval\u0131 \u015faft sistemlerinde \u00fcretim ve ekipman tedari\u011fi sa\u011flayan MB Makina, kobilerden olu\u015fan k\u00fc\u00e7\u00fck i\u015fletmelerden, \u00dclkemizin \u00f6nde gelen b\u00fcy\u00fck firmalar\u0131na kadar olu\u015fan bir m\u00fc\u015fter, portf\u00f6y\u00fcne sahiptir.<\/p>\n","protected":false},"excerpt":{"rendered":"<p>Kendi kurulu\u015fumuz olan AR-GE yap\u0131s\u0131ndaki MB Makina, Murat Baran koordinat\u00f6rl\u00fc\u011f\u00fcnde kurulup y\u00f6netilmektedir. Konvey\u00f6r , lineer hareket, sigma profil ve Haval\u0131 \u015faft sistemlerinde \u00fcretim ve ekipman tedari\u011fi sa\u011flayan MB Makina, kobilerden olu\u015fan k\u00fc\u00e7\u00fck i\u015fletmelerden, \u00dclkemizin \u00f6nde gelen b\u00fcy\u00fck firmalar\u0131na kadar olu\u015fan bir m\u00fc\u015fter, portf\u00f6y\u00fcne sahiptir.<\/p>\n","protected":false},"author":1,"featured_media":0,"parent":0,"menu_order":0,"comment_status":"closed","ping_status":"closed","template":"","meta":[],"_links":{"self":[{"href":"https:\/\/baransan.com.tr\/index.php?rest_route=\/wp\/v2\/pages\/348"}],"collection":[{"href":"https:\/\/baransan.com.tr\/index.php?rest_route=\/wp\/v2\/pages"}],"about":[{"href":"https:\/\/baransan.com.tr\/index.php?rest_route=\/wp\/v2\/types\/page"}],"author":[{"embeddable":true,"href":"https:\/\/baransan.com.tr\/index.php?rest_route=\/wp\/v2\/users\/1"}],"replies":[{"embeddable":true,"href":"https:\/\/baransan.com.tr\/index.php?rest_route=%2Fwp%2Fv2%2Fcomments&post=348"}],"version-history":[{"count":1,"href":"https:\/\/baransan.com.tr\/index.php?rest_route=\/wp\/v2\/pages\/348\/revisions"}],"predecessor-version":[{"id":350,"href":"https:\/\/baransan.com.tr\/index.php?rest_route=\/wp\/v2\/pages\/348\/revisions\/350"}],"wp:attachment":[{"href":"https:\/\/baransan.com.tr\/index.php?rest_route=%2Fwp%2Fv2%2Fmedia&parent=348"}],"curies":[{"name":"wp","href":"https:\/\/api.w.org\/{rel}","templated":true}]}}