{"id":372,"date":"2023-02-24T19:18:17","date_gmt":"2023-02-24T16:18:17","guid":{"rendered":"http:\/\/baransan.com.tr\/?page_id=372"},"modified":"2023-02-24T19:18:17","modified_gmt":"2023-02-24T16:18:17","slug":"kalite-politikamiz","status":"publish","type":"page","link":"https:\/\/baransan.com.tr\/?page_id=372","title":{"rendered":"Kalite Politikam\u0131z"},"content":{"rendered":"\n<p><strong>Firmam\u0131z\u0131n t\u00fcm faaliyetlerini m\u00fc\u015fteri memnuniyetini en \u00fcst seviyede tutacak \u015fekilde ger\u00e7ekle\u015ftirmek.<\/strong><br>&#8211; Kalite geli\u015fimini ve s\u00fcreklili\u011fini sa\u011flamak.<br>&#8211; Ulusal ve uluslararas\u0131 standartlara ve yasal mevzuatlara uygun, g\u00fcvenilir \u00fcr\u00fcnleri \u00fcretmek.<br>&#8211; \u00c7evreye kar\u015f\u0131 duyarl\u0131, toplumumuza kar\u015f\u0131 sosyal sorumlulu\u011fumuzun bilincinde hareket etmek.<\/p>\n","protected":false},"excerpt":{"rendered":"<p>Firmam\u0131z\u0131n t\u00fcm faaliyetlerini m\u00fc\u015fteri memnuniyetini en \u00fcst seviyede tutacak \u015fekilde ger\u00e7ekle\u015ftirmek.&#8211; Kalite geli\u015fimini ve s\u00fcreklili\u011fini sa\u011flamak.&#8211; Ulusal ve uluslararas\u0131 standartlara ve yasal mevzuatlara uygun, g\u00fcvenilir \u00fcr\u00fcnleri \u00fcretmek.&#8211; \u00c7evreye kar\u015f\u0131 duyarl\u0131, toplumumuza kar\u015f\u0131 sosyal sorumlulu\u011fumuzun bilincinde hareket etmek.<\/p>\n","protected":false},"author":1,"featured_media":0,"parent":0,"menu_order":0,"comment_status":"closed","ping_status":"closed","template":"","meta":[],"_links":{"self":[{"href":"https:\/\/baransan.com.tr\/index.php?rest_route=\/wp\/v2\/pages\/372"}],"collection":[{"href":"https:\/\/baransan.com.tr\/index.php?rest_route=\/wp\/v2\/pages"}],"about":[{"href":"https:\/\/baransan.com.tr\/index.php?rest_route=\/wp\/v2\/types\/page"}],"author":[{"embeddable":true,"href":"https:\/\/baransan.com.tr\/index.php?rest_route=\/wp\/v2\/users\/1"}],"replies":[{"embeddable":true,"href":"https:\/\/baransan.com.tr\/index.php?rest_route=%2Fwp%2Fv2%2Fcomments&post=372"}],"version-history":[{"count":1,"href":"https:\/\/baransan.com.tr\/index.php?rest_route=\/wp\/v2\/pages\/372\/revisions"}],"predecessor-version":[{"id":373,"href":"https:\/\/baransan.com.tr\/index.php?rest_route=\/wp\/v2\/pages\/372\/revisions\/373"}],"wp:attachment":[{"href":"https:\/\/baransan.com.tr\/index.php?rest_route=%2Fwp%2Fv2%2Fmedia&parent=372"}],"curies":[{"name":"wp","href":"https:\/\/api.w.org\/{rel}","templated":true}]}}