{"id":374,"date":"2023-02-24T19:18:54","date_gmt":"2023-02-24T16:18:54","guid":{"rendered":"http:\/\/baransan.com.tr\/?page_id=374"},"modified":"2023-02-24T19:18:54","modified_gmt":"2023-02-24T16:18:54","slug":"vizyonumuz","status":"publish","type":"page","link":"https:\/\/baransan.com.tr\/?page_id=374","title":{"rendered":"Vizyonumuz"},"content":{"rendered":"\n<p>\u00dclkemizde sekt\u00f6rde lider olmak, teknoloji yat\u0131r\u0131mlar\u0131m\u0131z ve \u00f6nc\u00fc uygulamalar\u0131m\u0131z ile markam\u0131z\u0131 \u00fclkemizde ve d\u00fcnyaya tan\u0131tmak, d\u00fcnya standartlar\u0131nda g\u00fcvenilir \u00fcretim yapmak.<\/p>\n","protected":false},"excerpt":{"rendered":"<p>\u00dclkemizde sekt\u00f6rde lider olmak, teknoloji yat\u0131r\u0131mlar\u0131m\u0131z ve \u00f6nc\u00fc uygulamalar\u0131m\u0131z ile markam\u0131z\u0131 \u00fclkemizde ve d\u00fcnyaya tan\u0131tmak, d\u00fcnya standartlar\u0131nda g\u00fcvenilir \u00fcretim yapmak.<\/p>\n","protected":false},"author":1,"featured_media":0,"parent":0,"menu_order":0,"comment_status":"closed","ping_status":"closed","template":"","meta":[],"_links":{"self":[{"href":"https:\/\/baransan.com.tr\/index.php?rest_route=\/wp\/v2\/pages\/374"}],"collection":[{"href":"https:\/\/baransan.com.tr\/index.php?rest_route=\/wp\/v2\/pages"}],"about":[{"href":"https:\/\/baransan.com.tr\/index.php?rest_route=\/wp\/v2\/types\/page"}],"author":[{"embeddable":true,"href":"https:\/\/baransan.com.tr\/index.php?rest_route=\/wp\/v2\/users\/1"}],"replies":[{"embeddable":true,"href":"https:\/\/baransan.com.tr\/index.php?rest_route=%2Fwp%2Fv2%2Fcomments&post=374"}],"version-history":[{"count":1,"href":"https:\/\/baransan.com.tr\/index.php?rest_route=\/wp\/v2\/pages\/374\/revisions"}],"predecessor-version":[{"id":375,"href":"https:\/\/baransan.com.tr\/index.php?rest_route=\/wp\/v2\/pages\/374\/revisions\/375"}],"wp:attachment":[{"href":"https:\/\/baransan.com.tr\/index.php?rest_route=%2Fwp%2Fv2%2Fmedia&parent=374"}],"curies":[{"name":"wp","href":"https:\/\/api.w.org\/{rel}","templated":true}]}}