{"id":376,"date":"2023-02-24T19:19:35","date_gmt":"2023-02-24T16:19:35","guid":{"rendered":"http:\/\/baransan.com.tr\/?page_id=376"},"modified":"2023-02-24T19:19:35","modified_gmt":"2023-02-24T16:19:35","slug":"misyonumuz","status":"publish","type":"page","link":"https:\/\/baransan.com.tr\/?page_id=376","title":{"rendered":"Misyonumuz"},"content":{"rendered":"\n<p>Firmam\u0131z\u0131n b\u00fcy\u00fcmesiyle birlikte kalitemizin etkinli\u011fini ve g\u00fcncelli\u011fini sa\u011flayarak m\u00fc\u015fterilerimize, \u00fclkemize, \u00e7al\u0131\u015fanlar\u0131m\u0131za, \u00e7evreye ve topluma kar\u015f\u0131 olan sorumluluklar\u0131m\u0131z\u0131 yerine getirmek.<\/p>\n","protected":false},"excerpt":{"rendered":"<p>Firmam\u0131z\u0131n b\u00fcy\u00fcmesiyle birlikte kalitemizin etkinli\u011fini ve g\u00fcncelli\u011fini sa\u011flayarak m\u00fc\u015fterilerimize, \u00fclkemize, \u00e7al\u0131\u015fanlar\u0131m\u0131za, \u00e7evreye ve topluma kar\u015f\u0131 olan sorumluluklar\u0131m\u0131z\u0131 yerine getirmek.<\/p>\n","protected":false},"author":1,"featured_media":0,"parent":0,"menu_order":0,"comment_status":"closed","ping_status":"closed","template":"","meta":[],"_links":{"self":[{"href":"https:\/\/baransan.com.tr\/index.php?rest_route=\/wp\/v2\/pages\/376"}],"collection":[{"href":"https:\/\/baransan.com.tr\/index.php?rest_route=\/wp\/v2\/pages"}],"about":[{"href":"https:\/\/baransan.com.tr\/index.php?rest_route=\/wp\/v2\/types\/page"}],"author":[{"embeddable":true,"href":"https:\/\/baransan.com.tr\/index.php?rest_route=\/wp\/v2\/users\/1"}],"replies":[{"embeddable":true,"href":"https:\/\/baransan.com.tr\/index.php?rest_route=%2Fwp%2Fv2%2Fcomments&post=376"}],"version-history":[{"count":1,"href":"https:\/\/baransan.com.tr\/index.php?rest_route=\/wp\/v2\/pages\/376\/revisions"}],"predecessor-version":[{"id":377,"href":"https:\/\/baransan.com.tr\/index.php?rest_route=\/wp\/v2\/pages\/376\/revisions\/377"}],"wp:attachment":[{"href":"https:\/\/baransan.com.tr\/index.php?rest_route=%2Fwp%2Fv2%2Fmedia&parent=376"}],"curies":[{"name":"wp","href":"https:\/\/api.w.org\/{rel}","templated":true}]}}