{"id":405,"date":"2023-02-25T09:06:31","date_gmt":"2023-02-25T06:06:31","guid":{"rendered":"http:\/\/baransan.com.tr\/?page_id=405"},"modified":"2023-02-25T09:06:31","modified_gmt":"2023-02-25T06:06:31","slug":"sikca-sorulan-sorular","status":"publish","type":"page","link":"https:\/\/baransan.com.tr\/?page_id=405","title":{"rendered":"S\u0131k\u00e7a Sorulan Sorular"},"content":{"rendered":"\n<figure class=\"wp-block-table is-style-stripes has-large-font-size\"><table class=\"has-white-background-color has-background\"><tbody><tr><td>Al\u00fcminyum kalite belgeleriniz var m\u0131?<br><br>T\u00fcm ISO ve Al\u00fcminyum kalite belgelerine sahibiz. Belge ve setifikalar\u0131m\u0131z\u0131 Downlod men\u00fcs\u00fcnden detayl\u0131 olarak inceleyebilirsiniz.<\/td><\/tr><tr><td>Bayilik Sistemine Nas\u0131l Bak\u0131yorsunuz?<br><br>Uygun g\u00f6r\u00fclmesi durumunda her b\u00f6lgede bayilk sitemine olumlu bakmaktay\u0131z.<\/td><\/tr><tr><td>Ekoksal ve Statik tzo boyama hatt\u0131n\u0131z bulunmakta m\u0131d\u0131r?<br><br>12 Havuzdan olu\u015fan eloksan hatt\u0131m\u0131z ve tam otomatik toz boyama hatt\u0131\u0131m\u0131z bulunmaktad\u0131r.<\/td><\/tr><tr><td>Fabrika d\u0131\u015f\u0131nda sat\u0131\u015f ma\u011fazalar\u0131n\u0131z bulu\u0131nmakta m\u0131d\u0131r?<br><br>\u0130stanbul ve Kocaelinde olmak \u00fczere iki sat\u0131\u015f ma\u011fazam\u0131z bulunmaktad\u0131r. Adres bilgilerini ileti\u015fimden alabilirsiniz.<\/td><\/tr><tr><td>Y\u0131ll\u0131k \u00fcretim kapaiteniz nedir?<br><br>Tesisimiz y\u0131ll\u0131k 20.000 ton \u00fcretim kapasitesi sahiptir.<\/td><\/tr><\/tbody><\/table><\/figure>\n","protected":false},"excerpt":{"rendered":"<p>Al\u00fcminyum kalite belgeleriniz var m\u0131? T\u00fcm ISO ve Al\u00fcminyum kalite belgelerine sahibiz. Belge ve setifikalar\u0131m\u0131z\u0131 Downlod men\u00fcs\u00fcnden detayl\u0131 olarak inceleyebilirsiniz. Bayilik Sistemine Nas\u0131l Bak\u0131yorsunuz? Uygun g\u00f6r\u00fclmesi durumunda her b\u00f6lgede bayilk sitemine olumlu bakmaktay\u0131z. Ekoksal ve Statik tzo boyama hatt\u0131n\u0131z bulunmakta m\u0131d\u0131r? 12 Havuzdan olu\u015fan eloksan hatt\u0131m\u0131z ve tam otomatik toz boyama hatt\u0131\u0131m\u0131z bulunmaktad\u0131r. Fabrika d\u0131\u015f\u0131nda&hellip; <br \/> <a class=\"read-more\" href=\"https:\/\/baransan.com.tr\/?page_id=405\">Devam\u0131<\/a><\/p>\n","protected":false},"author":1,"featured_media":0,"parent":0,"menu_order":0,"comment_status":"closed","ping_status":"closed","template":"","meta":[],"_links":{"self":[{"href":"https:\/\/baransan.com.tr\/index.php?rest_route=\/wp\/v2\/pages\/405"}],"collection":[{"href":"https:\/\/baransan.com.tr\/index.php?rest_route=\/wp\/v2\/pages"}],"about":[{"href":"https:\/\/baransan.com.tr\/index.php?rest_route=\/wp\/v2\/types\/page"}],"author":[{"embeddable":true,"href":"https:\/\/baransan.com.tr\/index.php?rest_route=\/wp\/v2\/users\/1"}],"replies":[{"embeddable":true,"href":"https:\/\/baransan.com.tr\/index.php?rest_route=%2Fwp%2Fv2%2Fcomments&post=405"}],"version-history":[{"count":1,"href":"https:\/\/baransan.com.tr\/index.php?rest_route=\/wp\/v2\/pages\/405\/revisions"}],"predecessor-version":[{"id":406,"href":"https:\/\/baransan.com.tr\/index.php?rest_route=\/wp\/v2\/pages\/405\/revisions\/406"}],"wp:attachment":[{"href":"https:\/\/baransan.com.tr\/index.php?rest_route=%2Fwp%2Fv2%2Fmedia&parent=405"}],"curies":[{"name":"wp","href":"https:\/\/api.w.org\/{rel}","templated":true}]}}